{"id":21,"date":"2018-04-22T12:30:57","date_gmt":"2018-04-22T10:30:57","guid":{"rendered":"https:\/\/pole-imc.medicalistes.fr\/?page_id=21"},"modified":"2018-04-22T13:26:06","modified_gmt":"2018-04-22T11:26:06","slug":"une-section-de-page-daccueil","status":"publish","type":"page","link":"https:\/\/pole-imc.medicalistes.fr\/index.php\/une-section-de-page-daccueil\/","title":{"rendered":"Notre but"},"content":{"rendered":"<p>Nous aimerions que toutes les familles a qui on annonce de but en blanc que son enfant est IMC ou assimil\u00e9, puisse comprenre les tenants de sa vie future. De l&rsquo;information et surtout du v\u00e9cu, car la vie est une merveilleuse histoire qui se forme avec l&rsquo;exp\u00e9rience des autres.<br \/>\nMerci donc \u00e0 tous nos contributeurs, patients et m\u00e9decins, ou voir juste des personnes pacs\u00e9e avec une infirmit\u00e9 motrice c\u00e9r\u00e9brale sous toutes ses formes.<\/p>\n","protected":false},"excerpt":{"rendered":"<p>Nous aimerions que toutes les familles a qui on annonce de but en blanc que son enfant est IMC ou assimil\u00e9, puisse comprenre les tenants de sa vie future. De l&rsquo;information et surtout du v\u00e9cu, car la vie est une merveilleuse histoire qui se forme avec l&rsquo;exp\u00e9rience des autres. Merci donc \u00e0 tous nos contributeurs, [&hellip;]<\/p>\n","protected":false},"author":1,"featured_media":14,"parent":0,"menu_order":0,"comment_status":"closed","ping_status":"closed","template":"","meta":{"footnotes":""},"class_list":["post-21","page","type-page","status-publish","has-post-thumbnail","hentry"],"_links":{"self":[{"href":"https:\/\/pole-imc.medicalistes.fr\/index.php\/wp-json\/wp\/v2\/pages\/21","targetHints":{"allow":["GET"]}}],"collection":[{"href":"https:\/\/pole-imc.medicalistes.fr\/index.php\/wp-json\/wp\/v2\/pages"}],"about":[{"href":"https:\/\/pole-imc.medicalistes.fr\/index.php\/wp-json\/wp\/v2\/types\/page"}],"author":[{"embeddable":true,"href":"https:\/\/pole-imc.medicalistes.fr\/index.php\/wp-json\/wp\/v2\/users\/1"}],"replies":[{"embeddable":true,"href":"https:\/\/pole-imc.medicalistes.fr\/index.php\/wp-json\/wp\/v2\/comments?post=21"}],"version-history":[{"count":4,"href":"https:\/\/pole-imc.medicalistes.fr\/index.php\/wp-json\/wp\/v2\/pages\/21\/revisions"}],"predecessor-version":[{"id":44,"href":"https:\/\/pole-imc.medicalistes.fr\/index.php\/wp-json\/wp\/v2\/pages\/21\/revisions\/44"}],"wp:featuredmedia":[{"embeddable":true,"href":"https:\/\/pole-imc.medicalistes.fr\/index.php\/wp-json\/wp\/v2\/media\/14"}],"wp:attachment":[{"href":"https:\/\/pole-imc.medicalistes.fr\/index.php\/wp-json\/wp\/v2\/media?parent=21"}],"curies":[{"name":"wp","href":"https:\/\/api.w.org\/{rel}","templated":true}]}}