{"id":17,"date":"2018-04-22T12:30:51","date_gmt":"2018-04-22T10:30:51","guid":{"rendered":"https:\/\/pole-imc.medicalistes.fr\/?page_id=17"},"modified":"2018-04-22T22:45:17","modified_gmt":"2018-04-22T20:45:17","slug":"accueil","status":"publish","type":"page","link":"https:\/\/pole-imc.medicalistes.fr\/","title":{"rendered":"Accueil"},"content":{"rendered":"<p>Bienvenue sur le site du P\u00f4le IMC de l&rsquo;association ENTRE4ROUES.<\/p>\n<p>Ce site est tout nouveau, et il nous tiens \u00e0 coeur de le faire grandir avec des sources m\u00e9dicales mais surtout des exp\u00e9riences de chacun.<\/p>\n<p>A tr\u00e8s vite !!<\/p>\n<div id='gallery-1' class='gallery galleryid-17 gallery-columns-3 gallery-size-thumbnail'><figure class='gallery-item'>\n\t\t\t<div class='gallery-icon landscape'>\n\t\t\t\t<a href='https:\/\/pole-imc.medicalistes.fr\/pole-imc-mini-2\/'><img loading=\"lazy\" decoding=\"async\" width=\"100\" height=\"100\" src=\"https:\/\/pole-imc.medicalistes.fr\/wp-content\/uploads\/2018\/04\/pole-imc-mini-1-e1524428596518.png\" class=\"attachment-thumbnail size-thumbnail\" alt=\"\" aria-describedby=\"gallery-1-75\" \/><\/a>\n\t\t\t<\/div>\n\t\t\t\t<figcaption class='wp-caption-text gallery-caption' id='gallery-1-75'>\n\t\t\t\t<a href=\"https:\/\/entre4roues.com>Pour ENTRE4ROUES <\/a>\n\t\t\t\t<\/figcaption><\/figure>\n\t\t<\/div>\n\n<p>&nbsp;<\/p>\n<p>&nbsp;<\/p>\n","protected":false},"excerpt":{"rendered":"<p>Bienvenue sur le site du P\u00f4le IMC de l&rsquo;association ENTRE4ROUES. Ce site est tout nouveau, et il nous tiens \u00e0 coeur de le faire grandir avec des sources m\u00e9dicales mais surtout des exp\u00e9riences de chacun. A tr\u00e8s vite !! &nbsp; &nbsp;<\/p>\n","protected":false},"author":1,"featured_media":0,"parent":0,"menu_order":0,"comment_status":"closed","ping_status":"closed","template":"","meta":{"footnotes":""},"class_list":["post-17","page","type-page","status-publish","hentry"],"_links":{"self":[{"href":"https:\/\/pole-imc.medicalistes.fr\/index.php\/wp-json\/wp\/v2\/pages\/17","targetHints":{"allow":["GET"]}}],"collection":[{"href":"https:\/\/pole-imc.medicalistes.fr\/index.php\/wp-json\/wp\/v2\/pages"}],"about":[{"href":"https:\/\/pole-imc.medicalistes.fr\/index.php\/wp-json\/wp\/v2\/types\/page"}],"author":[{"embeddable":true,"href":"https:\/\/pole-imc.medicalistes.fr\/index.php\/wp-json\/wp\/v2\/users\/1"}],"replies":[{"embeddable":true,"href":"https:\/\/pole-imc.medicalistes.fr\/index.php\/wp-json\/wp\/v2\/comments?post=17"}],"version-history":[{"count":4,"href":"https:\/\/pole-imc.medicalistes.fr\/index.php\/wp-json\/wp\/v2\/pages\/17\/revisions"}],"predecessor-version":[{"id":82,"href":"https:\/\/pole-imc.medicalistes.fr\/index.php\/wp-json\/wp\/v2\/pages\/17\/revisions\/82"}],"wp:attachment":[{"href":"https:\/\/pole-imc.medicalistes.fr\/index.php\/wp-json\/wp\/v2\/media?parent=17"}],"curies":[{"name":"wp","href":"https:\/\/api.w.org\/{rel}","templated":true}]}}