{"id":165,"date":"2018-05-05T01:10:11","date_gmt":"2018-05-04T23:10:11","guid":{"rendered":"https:\/\/pole-imc.medicalistes.fr\/?page_id=165"},"modified":"2018-05-05T01:10:11","modified_gmt":"2018-05-04T23:10:11","slug":"quezaco-infirmite-motrice-cerebrale","status":"publish","type":"page","link":"https:\/\/pole-imc.medicalistes.fr\/index.php\/quezaco-infirmite-motrice-cerebrale\/","title":{"rendered":"QUEZACO Infirmit\u00e9 motrice c\u00e9r\u00e9brale"},"content":{"rendered":"<div class=\"infobox_v3 large\">\n<div class=\"images\"><a class=\"image\" title=\"Enfant atteint d'infirmit\u00e9 motrice c\u00e9r\u00e9brale en train d'\u00eatre auscult\u00e9.\" href=\"https:\/\/commons.wikimedia.org\/wiki\/File:USS_Kearsarge_medical_team_treat_patients_at_Arima_District_Health_Facility_DVIDS126489.jpg?uselang=fr\"><img loading=\"lazy\" decoding=\"async\" src=\"https:\/\/upload.wikimedia.org\/wikipedia\/commons\/thumb\/7\/7c\/USS_Kearsarge_medical_team_treat_patients_at_Arima_District_Health_Facility_DVIDS126489.jpg\/260px-USS_Kearsarge_medical_team_treat_patients_at_Arima_District_Health_Facility_DVIDS126489.jpg\" srcset=\"\/\/upload.wikimedia.org\/wikipedia\/commons\/thumb\/7\/7c\/USS_Kearsarge_medical_team_treat_patients_at_Arima_District_Health_Facility_DVIDS126489.jpg\/390px-USS_Kearsarge_medical_team_treat_patients_at_Arima_District_Health_Facility_DVIDS126489.jpg 1.5x, \/\/upload.wikimedia.org\/wikipedia\/commons\/thumb\/7\/7c\/USS_Kearsarge_medical_team_treat_patients_at_Arima_District_Health_Facility_DVIDS126489.jpg\/520px-USS_Kearsarge_medical_team_treat_patients_at_Arima_District_Health_Facility_DVIDS126489.jpg 2x\" alt=\"Description de cette image, \u00e9galement comment\u00e9e ci-apr\u00e8s\" width=\"260\" height=\"173\" data-file-width=\"2300\" data-file-height=\"1528\" \/><\/a><\/div>\n<div class=\"legend\">Enfant atteint d&rsquo;infirmit\u00e9 motrice c\u00e9r\u00e9brale en train d&rsquo;\u00eatre auscult\u00e9.<\/div>\n<\/div>\n<div><\/div>\n<div>Bonjour \u00e0 tous, voici un site colaboratif sur l&rsquo;IMC et compagnie<\/div>\n<p>L&rsquo;<b>infirmit\u00e9 motrice d&rsquo;origine c\u00e9r\u00e9brale<\/b>\u00a0(IMC ou IMOC) a \u00e9t\u00e9 d\u00e9finie en\u00a01955\u00a0par le professeur\u00a0Guy Tardieu<sup id=\"cite_ref-Institut.Motricit\u00e9.C\u00e9r\u00e9brale_1-0\" class=\"reference\"><a href=\"https:\/\/fr.wikipedia.org\/wiki\/Infirmit%C3%A9_motrice_c%C3%A9r%C3%A9brale#cite_note-Institut.Motricit%C3%A9.C%C3%A9r%C3%A9brale-1\">1<\/a><\/sup>\u00a0comme \u00e9tant une infirmit\u00e9 motrice due \u00e0 des l\u00e9sions survenues durant la p\u00e9riode p\u00e9rinatale.<\/p>\n<p>Les sujets souffrant d&rsquo;affections\u00a0neurologiques\u00a0d\u00e9g\u00e9n\u00e9ratives<sup id=\"cite_ref-neurologie.d\u00e9g\u00e9n\u00e9rative_2-0\" class=\"reference\"><a href=\"https:\/\/fr.wikipedia.org\/wiki\/Infirmit%C3%A9_motrice_c%C3%A9r%C3%A9brale#cite_note-neurologie.d%C3%A9g%C3%A9n%C3%A9rative-2\">2<\/a><\/sup>\u00a0ou de retards moteurs li\u00e9s \u00e0 une\u00a0d\u00e9ficience intellectuelle\u00a0ne peuvent donc pas \u00eatre consid\u00e9r\u00e9s comme IMOC.<\/p>\n<p>Il s&rsquo;agit d&rsquo;un \u00e9tat pathologique (non \u00e9volutif) non h\u00e9r\u00e9ditaire comportant diverses atteintes neurologiques. Une cause exacte n&rsquo;est pas toujours retrouv\u00e9e mais elle est li\u00e9e \u00e0 la\u00a0pr\u00e9maturit\u00e9, l&rsquo;hypoxie\u00a0p\u00e9rinatale, les\u00a0traumatismes c\u00e9r\u00e9braux\u00a0et l&rsquo;ict\u00e8re n\u00e9onatal. Le degr\u00e9 d&rsquo;atteinte neurologique est s\u00e9v\u00e8re dans un tiers des cas et mod\u00e9r\u00e9 dans un sixi\u00e8me des cas.<\/p>\n","protected":false},"excerpt":{"rendered":"<p>Enfant atteint d&rsquo;infirmit\u00e9 motrice c\u00e9r\u00e9brale en train d&rsquo;\u00eatre auscult\u00e9. Bonjour \u00e0 tous, voici un site colaboratif sur l&rsquo;IMC et compagnie L&rsquo;infirmit\u00e9 motrice d&rsquo;origine c\u00e9r\u00e9brale\u00a0(IMC ou IMOC) a \u00e9t\u00e9 d\u00e9finie en\u00a01955\u00a0par le professeur\u00a0Guy Tardieu1\u00a0comme \u00e9tant une infirmit\u00e9 motrice due \u00e0 des l\u00e9sions survenues durant la p\u00e9riode p\u00e9rinatale. Les sujets souffrant d&rsquo;affections\u00a0neurologiques\u00a0d\u00e9g\u00e9n\u00e9ratives2\u00a0ou de retards moteurs li\u00e9s \u00e0 [&hellip;]<\/p>\n","protected":false},"author":1,"featured_media":0,"parent":0,"menu_order":0,"comment_status":"closed","ping_status":"closed","template":"","meta":{"footnotes":""},"class_list":["post-165","page","type-page","status-publish","hentry"],"_links":{"self":[{"href":"https:\/\/pole-imc.medicalistes.fr\/index.php\/wp-json\/wp\/v2\/pages\/165","targetHints":{"allow":["GET"]}}],"collection":[{"href":"https:\/\/pole-imc.medicalistes.fr\/index.php\/wp-json\/wp\/v2\/pages"}],"about":[{"href":"https:\/\/pole-imc.medicalistes.fr\/index.php\/wp-json\/wp\/v2\/types\/page"}],"author":[{"embeddable":true,"href":"https:\/\/pole-imc.medicalistes.fr\/index.php\/wp-json\/wp\/v2\/users\/1"}],"replies":[{"embeddable":true,"href":"https:\/\/pole-imc.medicalistes.fr\/index.php\/wp-json\/wp\/v2\/comments?post=165"}],"version-history":[{"count":1,"href":"https:\/\/pole-imc.medicalistes.fr\/index.php\/wp-json\/wp\/v2\/pages\/165\/revisions"}],"predecessor-version":[{"id":166,"href":"https:\/\/pole-imc.medicalistes.fr\/index.php\/wp-json\/wp\/v2\/pages\/165\/revisions\/166"}],"wp:attachment":[{"href":"https:\/\/pole-imc.medicalistes.fr\/index.php\/wp-json\/wp\/v2\/media?parent=165"}],"curies":[{"name":"wp","href":"https:\/\/api.w.org\/{rel}","templated":true}]}}